{"id":15100,"date":"2023-10-15T18:37:53","date_gmt":"2023-10-15T18:37:53","guid":{"rendered":"https:\/\/beurswand.nl\/product\/beursstand-design-112\/"},"modified":"2025-03-13T09:33:03","modified_gmt":"2025-03-13T09:33:03","slug":"beursstand-design-112","status":"publish","type":"product","link":"https:\/\/beurswand2026.webdeveloperz.nl\/de\/product\/beursstand-design-112\/","title":{"rendered":"Messestand Design 112"},"content":{"rendered":"<p><strong>Exklusive Messestandgestaltung 112 \u2013 Ihre Marke, unsere Leidenschaft!<\/strong>  <\/p>\n<p>Betreten Sie die Zukunft des Messewesens mit unserem hochmodernen Messestand Design 112. Mit einer gro\u00dfz\u00fcgigen Gr\u00f6\u00dfe von \u00fcber 12 m2 bietet dieser Zwischenstand die perfekte Balance zwischen Funktionalit\u00e4t und Design und zieht garantiert die Aufmerksamkeit auf sich. <\/p>\n<p><strong>H\u00f6hepunkte:<\/strong><\/p>\n<ul>\n<li><strong>R\u00e4umliche Exzellenz:<\/strong> Genie\u00dfen Sie eine gro\u00dfz\u00fcgige Fl\u00e4che f\u00fcr Interaktion und Pr\u00e4sentation.<\/li>\n<li><strong>Personalisierter Schreibtisch:<\/strong> Professionelles Design mit Ihrer Rezeption an prominenter Stelle.<\/li>\n<li><strong>Eingebaute Pantry:<\/strong> F\u00fcr nahtlosen Service am Stand, einschlie\u00dflich Stauraum und Catering-Einrichtungen.<\/li>\n<\/ul>\n<p>Aber das ist noch nicht alles! Wir wissen, dass jede Marke einzigartig ist. Dieses Mustermodell kann vollst\u00e4ndig an Ihre visuelle Identit\u00e4t und Ihre praktischen Anforderungen angepasst werden.  <\/p>\n<p>  Lassen Sie sich diese Gelegenheit nicht entgehen und fordern Sie noch heute weitere Informationen \u00fcber unser Kontaktformular unten an. Unser engagiertes Team ist bereit, einen Messestand zu entwerfen, der Ihre Marke wie nie zuvor strahlen l\u00e4sst! \u2728<\/p>\n","protected":false},"excerpt":{"rendered":"<p>Exklusive Messestandgestaltung 112 \u2013 Ihre Marke, unsere Leidenschaft! Betreten Sie die Zukunft des Messewesens mit unserem hochmodernen Messestand Design 112. Mit einer gro\u00dfz\u00fcgigen Gr\u00f6\u00dfe von \u00fcber 12 m2 bietet dieser Zwischenstand die perfekte Balance zwischen Funktionalit\u00e4t und Design und zieht garantiert die Aufmerksamkeit auf sich. H\u00f6hepunkte: R\u00e4umliche Exzellenz: Genie\u00dfen Sie eine gro\u00dfz\u00fcgige Fl\u00e4che f\u00fcr Interaktion [&hellip;]<\/p>\n","protected":false},"featured_media":12622,"comment_status":"closed","ping_status":"open","template":"","meta":{"_acf_changed":false,"site-sidebar-layout":"default","site-content-layout":"","ast-site-content-layout":"default","site-content-style":"default","site-sidebar-style":"default","ast-global-header-display":"","ast-banner-title-visibility":"","ast-main-header-display":"","ast-hfb-above-header-display":"","ast-hfb-below-header-display":"","ast-hfb-mobile-header-display":"","site-post-title":"","ast-breadcrumbs-content":"","ast-featured-img":"","footer-sml-layout":"","ast-disable-related-posts":"","theme-transparent-header-meta":"","adv-header-id-meta":"","stick-header-meta":"","header-above-stick-meta":"","header-main-stick-meta":"","header-below-stick-meta":"","astra-migrate-meta-layouts":"default","ast-page-background-enabled":"default","ast-page-background-meta":{"desktop":{"background-color":"","background-image":"","background-repeat":"repeat","background-position":"center center","background-size":"auto","background-attachment":"scroll","background-type":"","background-media":"","overlay-type":"","overlay-color":"","overlay-opacity":"","overlay-gradient":""},"tablet":{"background-color":"","background-image":"","background-repeat":"repeat","background-position":"center center","background-size":"auto","background-attachment":"scroll","background-type":"","background-media":"","overlay-type":"","overlay-color":"","overlay-opacity":"","overlay-gradient":""},"mobile":{"background-color":"","background-image":"","background-repeat":"repeat","background-position":"center center","background-size":"auto","background-attachment":"scroll","background-type":"","background-media":"","overlay-type":"","overlay-color":"","overlay-opacity":"","overlay-gradient":""}},"ast-content-background-meta":{"desktop":{"background-color":"var(--ast-global-color-5)","background-image":"","background-repeat":"repeat","background-position":"center center","background-size":"auto","background-attachment":"scroll","background-type":"","background-media":"","overlay-type":"","overlay-color":"","overlay-opacity":"","overlay-gradient":""},"tablet":{"background-color":"var(--ast-global-color-5)","background-image":"","background-repeat":"repeat","background-position":"center center","background-size":"auto","background-attachment":"scroll","background-type":"","background-media":"","overlay-type":"","overlay-color":"","overlay-opacity":"","overlay-gradient":""},"mobile":{"background-color":"var(--ast-global-color-5)","background-image":"","background-repeat":"repeat","background-position":"center center","background-size":"auto","background-attachment":"scroll","background-type":"","background-media":"","overlay-type":"","overlay-color":"","overlay-opacity":"","overlay-gradient":""}}},"breedte":[],"design-oppervlakte":[368],"design-opstelling":[436],"design-optie":[380,381],"diepte":[],"oppervlakte":[],"opstelling":[],"optie":[],"pijler":[],"product_brand":[],"product_cat":[376,371,372,374,373,382,383,437],"product_tag":[],"class_list":{"0":"post-15100","1":"product","2":"type-product","3":"status-publish","4":"has-post-thumbnail","6":"design-oppervlakte-1-24-m2-de","7":"design-opstelling-zwischenstand","8":"design-optie-schreibtisch","9":"design-optie-speisekammer","10":"product_cat-1-24-m2-de","11":"product_cat-entwurf","12":"product_cat-flache","13":"product_cat-messestand-typ","14":"product_cat-optionen","15":"product_cat-schreibtisch","16":"product_cat-speisekammer","17":"product_cat-tabellenstand","18":"desktop-align-left","19":"tablet-align-left","20":"mobile-align-left","22":"first","23":"instock","24":"shipping-taxable","25":"product-type-simple"},"acf":[],"_links":{"self":[{"href":"https:\/\/beurswand2026.webdeveloperz.nl\/de\/wp-json\/wp\/v2\/product\/15100","targetHints":{"allow":["GET"]}}],"collection":[{"href":"https:\/\/beurswand2026.webdeveloperz.nl\/de\/wp-json\/wp\/v2\/product"}],"about":[{"href":"https:\/\/beurswand2026.webdeveloperz.nl\/de\/wp-json\/wp\/v2\/types\/product"}],"replies":[{"embeddable":true,"href":"https:\/\/beurswand2026.webdeveloperz.nl\/de\/wp-json\/wp\/v2\/comments?post=15100"}],"version-history":[{"count":1,"href":"https:\/\/beurswand2026.webdeveloperz.nl\/de\/wp-json\/wp\/v2\/product\/15100\/revisions"}],"predecessor-version":[{"id":15790,"href":"https:\/\/beurswand2026.webdeveloperz.nl\/de\/wp-json\/wp\/v2\/product\/15100\/revisions\/15790"}],"wp:featuredmedia":[{"embeddable":true,"href":"https:\/\/beurswand2026.webdeveloperz.nl\/de\/wp-json\/wp\/v2\/media\/12622"}],"wp:attachment":[{"href":"https:\/\/beurswand2026.webdeveloperz.nl\/de\/wp-json\/wp\/v2\/media?parent=15100"}],"wp:term":[{"taxonomy":"breedte","embeddable":true,"href":"https:\/\/beurswand2026.webdeveloperz.nl\/de\/wp-json\/wp\/v2\/breedte?post=15100"},{"taxonomy":"design-oppervlakte","embeddable":true,"href":"https:\/\/beurswand2026.webdeveloperz.nl\/de\/wp-json\/wp\/v2\/design-oppervlakte?post=15100"},{"taxonomy":"design-opstelling","embeddable":true,"href":"https:\/\/beurswand2026.webdeveloperz.nl\/de\/wp-json\/wp\/v2\/design-opstelling?post=15100"},{"taxonomy":"design-optie","embeddable":true,"href":"https:\/\/beurswand2026.webdeveloperz.nl\/de\/wp-json\/wp\/v2\/design-optie?post=15100"},{"taxonomy":"diepte","embeddable":true,"href":"https:\/\/beurswand2026.webdeveloperz.nl\/de\/wp-json\/wp\/v2\/diepte?post=15100"},{"taxonomy":"oppervlakte","embeddable":true,"href":"https:\/\/beurswand2026.webdeveloperz.nl\/de\/wp-json\/wp\/v2\/oppervlakte?post=15100"},{"taxonomy":"opstelling","embeddable":true,"href":"https:\/\/beurswand2026.webdeveloperz.nl\/de\/wp-json\/wp\/v2\/opstelling?post=15100"},{"taxonomy":"optie","embeddable":true,"href":"https:\/\/beurswand2026.webdeveloperz.nl\/de\/wp-json\/wp\/v2\/optie?post=15100"},{"taxonomy":"pijler","embeddable":true,"href":"https:\/\/beurswand2026.webdeveloperz.nl\/de\/wp-json\/wp\/v2\/pijler?post=15100"},{"taxonomy":"product_brand","embeddable":true,"href":"https:\/\/beurswand2026.webdeveloperz.nl\/de\/wp-json\/wp\/v2\/product_brand?post=15100"},{"taxonomy":"product_cat","embeddable":true,"href":"https:\/\/beurswand2026.webdeveloperz.nl\/de\/wp-json\/wp\/v2\/product_cat?post=15100"},{"taxonomy":"product_tag","embeddable":true,"href":"https:\/\/beurswand2026.webdeveloperz.nl\/de\/wp-json\/wp\/v2\/product_tag?post=15100"}],"curies":[{"name":"wp","href":"https:\/\/api.w.org\/{rel}","templated":true}]}}