{"id":15087,"date":"2023-10-15T18:41:02","date_gmt":"2023-10-15T18:41:02","guid":{"rendered":"https:\/\/beurswand.nl\/product\/beursstand-design-116\/"},"modified":"2025-03-13T09:33:01","modified_gmt":"2025-03-13T09:33:01","slug":"beursstand-design-116","status":"publish","type":"product","link":"https:\/\/beurswand2026.webdeveloperz.nl\/de\/product\/beursstand-design-116\/","title":{"rendered":"Messestand Design 116"},"content":{"rendered":"<p><strong>Einzigartiges Messestand-Design 116 \u2013 Betreten Sie eine neue Ebene der Pr\u00e4sentation!<\/strong><\/p>\n<p>Stellen Sie sich in den Vordergrund mit unserem atemberaubenden Inselstand von nicht weniger als &gt;81 m2, perfekt f\u00fcr Unternehmen, die einen bleibenden Eindruck hinterlassen wollen. Der Messestand Design 116 verbindet moderne \u00c4sthetik mit Funktionalit\u00e4t. Heben Sie sich mit einem markanten Bogen von der Masse ab, beleuchten Sie Ihre Produkte oder Dienstleistungen mit einer beeindruckenden LED-Wand und garantieren Sie dank unserer robusten Traverse Sichtbarkeit aus jedem Winkel. Als Kr\u00f6nung wertet der elegante Doppelboden nicht nur Ihren Stand, sondern auch das gesamte Erlebnis auf.   <\/p>\n<p>Dies ist nur ein kleiner Vorgeschmack auf das, was m\u00f6glich ist! Denken Sie daran, dass jedes Design an Ihre individuellen Bed\u00fcrfnisse angepasst werden kann. <\/p>\n<p>Neugierig auf mehr? Fordern Sie jetzt weitere Informationen an, indem Sie das Kontaktformular unten benutzen. Heben Sie sich auf dem Messegel\u00e4nde mit Design 116 ab!  <\/p>\n","protected":false},"excerpt":{"rendered":"<p>Einzigartiges Messestand-Design 116 \u2013 Betreten Sie eine neue Ebene der Pr\u00e4sentation! Stellen Sie sich in den Vordergrund mit unserem atemberaubenden Inselstand von nicht weniger als &gt;81 m2, perfekt f\u00fcr Unternehmen, die einen bleibenden Eindruck hinterlassen wollen. Der Messestand Design 116 verbindet moderne \u00c4sthetik mit Funktionalit\u00e4t. Heben Sie sich mit einem markanten Bogen von der Masse [&hellip;]<\/p>\n","protected":false},"featured_media":12700,"comment_status":"closed","ping_status":"open","template":"","meta":{"_acf_changed":false,"site-sidebar-layout":"default","site-content-layout":"","ast-site-content-layout":"default","site-content-style":"default","site-sidebar-style":"default","ast-global-header-display":"","ast-banner-title-visibility":"","ast-main-header-display":"","ast-hfb-above-header-display":"","ast-hfb-below-header-display":"","ast-hfb-mobile-header-display":"","site-post-title":"","ast-breadcrumbs-content":"","ast-featured-img":"","footer-sml-layout":"","ast-disable-related-posts":"","theme-transparent-header-meta":"","adv-header-id-meta":"","stick-header-meta":"","header-above-stick-meta":"","header-main-stick-meta":"","header-below-stick-meta":"","astra-migrate-meta-layouts":"default","ast-page-background-enabled":"default","ast-page-background-meta":{"desktop":{"background-color":"","background-image":"","background-repeat":"repeat","background-position":"center center","background-size":"auto","background-attachment":"scroll","background-type":"","background-media":"","overlay-type":"","overlay-color":"","overlay-opacity":"","overlay-gradient":""},"tablet":{"background-color":"","background-image":"","background-repeat":"repeat","background-position":"center center","background-size":"auto","background-attachment":"scroll","background-type":"","background-media":"","overlay-type":"","overlay-color":"","overlay-opacity":"","overlay-gradient":""},"mobile":{"background-color":"","background-image":"","background-repeat":"repeat","background-position":"center center","background-size":"auto","background-attachment":"scroll","background-type":"","background-media":"","overlay-type":"","overlay-color":"","overlay-opacity":"","overlay-gradient":""}},"ast-content-background-meta":{"desktop":{"background-color":"var(--ast-global-color-5)","background-image":"","background-repeat":"repeat","background-position":"center center","background-size":"auto","background-attachment":"scroll","background-type":"","background-media":"","overlay-type":"","overlay-color":"","overlay-opacity":"","overlay-gradient":""},"tablet":{"background-color":"var(--ast-global-color-5)","background-image":"","background-repeat":"repeat","background-position":"center center","background-size":"auto","background-attachment":"scroll","background-type":"","background-media":"","overlay-type":"","overlay-color":"","overlay-opacity":"","overlay-gradient":""},"mobile":{"background-color":"var(--ast-global-color-5)","background-image":"","background-repeat":"repeat","background-position":"center center","background-size":"auto","background-attachment":"scroll","background-type":"","background-media":"","overlay-type":"","overlay-color":"","overlay-opacity":"","overlay-gradient":""}}},"breedte":[],"design-oppervlakte":[430],"design-opstelling":[472],"design-optie":[370,415,448,473,418],"diepte":[],"oppervlakte":[],"opstelling":[],"optie":[],"pijler":[],"product_brand":[],"product_cat":[431,377,371,417,450,372,474,419,374,373],"product_tag":[],"class_list":{"0":"post-15087","1":"product","2":"type-product","3":"status-publish","4":"has-post-thumbnail","6":"design-oppervlakte-40-m2-und-groser","7":"design-opstelling-insel-stand","8":"design-optie-arch-de","9":"design-optie-erhohter-boden","10":"design-optie-fachwerk","11":"design-optie-insel-stand","12":"design-optie-led-wand-de","13":"product_cat-40-m2-und-groser","14":"product_cat-arch-de","15":"product_cat-entwurf","16":"product_cat-erhohter-boden","17":"product_cat-fachwerk","18":"product_cat-flache","19":"product_cat-insel-stand","20":"product_cat-led-wand-de","21":"product_cat-messestand-typ","22":"product_cat-optionen","23":"desktop-align-left","24":"tablet-align-left","25":"mobile-align-left","27":"first","28":"instock","29":"shipping-taxable","30":"product-type-simple"},"acf":[],"_links":{"self":[{"href":"https:\/\/beurswand2026.webdeveloperz.nl\/de\/wp-json\/wp\/v2\/product\/15087","targetHints":{"allow":["GET"]}}],"collection":[{"href":"https:\/\/beurswand2026.webdeveloperz.nl\/de\/wp-json\/wp\/v2\/product"}],"about":[{"href":"https:\/\/beurswand2026.webdeveloperz.nl\/de\/wp-json\/wp\/v2\/types\/product"}],"replies":[{"embeddable":true,"href":"https:\/\/beurswand2026.webdeveloperz.nl\/de\/wp-json\/wp\/v2\/comments?post=15087"}],"version-history":[{"count":1,"href":"https:\/\/beurswand2026.webdeveloperz.nl\/de\/wp-json\/wp\/v2\/product\/15087\/revisions"}],"predecessor-version":[{"id":15786,"href":"https:\/\/beurswand2026.webdeveloperz.nl\/de\/wp-json\/wp\/v2\/product\/15087\/revisions\/15786"}],"wp:featuredmedia":[{"embeddable":true,"href":"https:\/\/beurswand2026.webdeveloperz.nl\/de\/wp-json\/wp\/v2\/media\/12700"}],"wp:attachment":[{"href":"https:\/\/beurswand2026.webdeveloperz.nl\/de\/wp-json\/wp\/v2\/media?parent=15087"}],"wp:term":[{"taxonomy":"breedte","embeddable":true,"href":"https:\/\/beurswand2026.webdeveloperz.nl\/de\/wp-json\/wp\/v2\/breedte?post=15087"},{"taxonomy":"design-oppervlakte","embeddable":true,"href":"https:\/\/beurswand2026.webdeveloperz.nl\/de\/wp-json\/wp\/v2\/design-oppervlakte?post=15087"},{"taxonomy":"design-opstelling","embeddable":true,"href":"https:\/\/beurswand2026.webdeveloperz.nl\/de\/wp-json\/wp\/v2\/design-opstelling?post=15087"},{"taxonomy":"design-optie","embeddable":true,"href":"https:\/\/beurswand2026.webdeveloperz.nl\/de\/wp-json\/wp\/v2\/design-optie?post=15087"},{"taxonomy":"diepte","embeddable":true,"href":"https:\/\/beurswand2026.webdeveloperz.nl\/de\/wp-json\/wp\/v2\/diepte?post=15087"},{"taxonomy":"oppervlakte","embeddable":true,"href":"https:\/\/beurswand2026.webdeveloperz.nl\/de\/wp-json\/wp\/v2\/oppervlakte?post=15087"},{"taxonomy":"opstelling","embeddable":true,"href":"https:\/\/beurswand2026.webdeveloperz.nl\/de\/wp-json\/wp\/v2\/opstelling?post=15087"},{"taxonomy":"optie","embeddable":true,"href":"https:\/\/beurswand2026.webdeveloperz.nl\/de\/wp-json\/wp\/v2\/optie?post=15087"},{"taxonomy":"pijler","embeddable":true,"href":"https:\/\/beurswand2026.webdeveloperz.nl\/de\/wp-json\/wp\/v2\/pijler?post=15087"},{"taxonomy":"product_brand","embeddable":true,"href":"https:\/\/beurswand2026.webdeveloperz.nl\/de\/wp-json\/wp\/v2\/product_brand?post=15087"},{"taxonomy":"product_cat","embeddable":true,"href":"https:\/\/beurswand2026.webdeveloperz.nl\/de\/wp-json\/wp\/v2\/product_cat?post=15087"},{"taxonomy":"product_tag","embeddable":true,"href":"https:\/\/beurswand2026.webdeveloperz.nl\/de\/wp-json\/wp\/v2\/product_tag?post=15087"}],"curies":[{"name":"wp","href":"https:\/\/api.w.org\/{rel}","templated":true}]}}