{"id":15081,"date":"2024-09-24T05:59:38","date_gmt":"2024-09-24T05:59:38","guid":{"rendered":"https:\/\/beurswand.nl\/product\/beursstand-design-120\/"},"modified":"2025-03-13T09:33:00","modified_gmt":"2025-03-13T09:33:00","slug":"beursstand-design-120","status":"publish","type":"product","link":"https:\/\/beurswand2026.webdeveloperz.nl\/de\/product\/beursstand-design-120\/","title":{"rendered":"Messestand Design 120"},"content":{"rendered":"<p>Der Messestand Design 120 ist ein flexibler und anpassungsf\u00e4higer Messestand, der vollst\u00e4ndig an die Anforderungen des Kunden angepasst werden kann. Dieser Stand bietet die M\u00f6glichkeit, aus verschiedenen Formen, Gr\u00f6\u00dfen, B\u00f6den und visuellen Elementen zu w\u00e4hlen, so dass Unternehmen eine einzigartige Pr\u00e4sentation erstellen k\u00f6nnen. Dar\u00fcber hinaus k\u00f6nnen Sie LED-Rahmen, W\u00e4nde oder Multimedia-Elemente f\u00fcr einen modernen Look hinzuf\u00fcgen.  <\/p>\n<p>Der Stand ist mit Optionen wie einem erh\u00f6hten Boden und einer Speisekammer ausgestattet, die f\u00fcr zus\u00e4tzlichen Komfort bei der Nutzung sorgen. M\u00f6bel und Accessoires k\u00f6nnen nach Belieben ausgew\u00e4hlt werden, um ihm eine pers\u00f6nliche Note zu verleihen. <\/p>\n<p>Unternehmen k\u00f6nnen diesen Messestand nutzen, um ihre Marke visuell ansprechend zu pr\u00e4sentieren und von der Vielseitigkeit und den Anpassungsm\u00f6glichkeiten zu profitieren, die er bietet, um das Gesamtbild und die Funktionalit\u00e4t bei Veranstaltungen und Messen zu optimieren.<\/p>\n","protected":false},"excerpt":{"rendered":"<p>Der Messestand Design 120 ist ein flexibler und anpassungsf\u00e4higer Messestand, der vollst\u00e4ndig an die Anforderungen des Kunden angepasst werden kann. Dieser Stand bietet die M\u00f6glichkeit, aus verschiedenen Formen, Gr\u00f6\u00dfen, B\u00f6den und visuellen Elementen zu w\u00e4hlen, so dass Unternehmen eine einzigartige Pr\u00e4sentation erstellen k\u00f6nnen. Dar\u00fcber hinaus k\u00f6nnen Sie LED-Rahmen, W\u00e4nde oder Multimedia-Elemente f\u00fcr einen modernen Look [&hellip;]<\/p>\n","protected":false},"featured_media":13757,"comment_status":"closed","ping_status":"open","template":"","meta":{"_acf_changed":false,"site-sidebar-layout":"default","site-content-layout":"","ast-site-content-layout":"default","site-content-style":"default","site-sidebar-style":"default","ast-global-header-display":"","ast-banner-title-visibility":"","ast-main-header-display":"","ast-hfb-above-header-display":"","ast-hfb-below-header-display":"","ast-hfb-mobile-header-display":"","site-post-title":"","ast-breadcrumbs-content":"","ast-featured-img":"","footer-sml-layout":"","ast-disable-related-posts":"","theme-transparent-header-meta":"","adv-header-id-meta":"","stick-header-meta":"","header-above-stick-meta":"","header-main-stick-meta":"","header-below-stick-meta":"","astra-migrate-meta-layouts":"default","ast-page-background-enabled":"default","ast-page-background-meta":{"desktop":{"background-color":"","background-image":"","background-repeat":"repeat","background-position":"center center","background-size":"auto","background-attachment":"scroll","background-type":"","background-media":"","overlay-type":"","overlay-color":"","overlay-opacity":"","overlay-gradient":""},"tablet":{"background-color":"","background-image":"","background-repeat":"repeat","background-position":"center center","background-size":"auto","background-attachment":"scroll","background-type":"","background-media":"","overlay-type":"","overlay-color":"","overlay-opacity":"","overlay-gradient":""},"mobile":{"background-color":"","background-image":"","background-repeat":"repeat","background-position":"center center","background-size":"auto","background-attachment":"scroll","background-type":"","background-media":"","overlay-type":"","overlay-color":"","overlay-opacity":"","overlay-gradient":""}},"ast-content-background-meta":{"desktop":{"background-color":"var(--ast-global-color-5)","background-image":"","background-repeat":"repeat","background-position":"center center","background-size":"auto","background-attachment":"scroll","background-type":"","background-media":"","overlay-type":"","overlay-color":"","overlay-opacity":"","overlay-gradient":""},"tablet":{"background-color":"var(--ast-global-color-5)","background-image":"","background-repeat":"repeat","background-position":"center center","background-size":"auto","background-attachment":"scroll","background-type":"","background-media":"","overlay-type":"","overlay-color":"","overlay-opacity":"","overlay-gradient":""},"mobile":{"background-color":"var(--ast-global-color-5)","background-image":"","background-repeat":"repeat","background-position":"center center","background-size":"auto","background-attachment":"scroll","background-type":"","background-media":"","overlay-type":"","overlay-color":"","overlay-opacity":"","overlay-gradient":""}}},"breedte":[],"design-oppervlakte":[430],"design-opstelling":[369],"design-optie":[415,477,418,380,381],"diepte":[],"oppervlakte":[],"opstelling":[],"optie":[],"pijler":[],"product_brand":[],"product_cat":[431,371,417,372,375,478,419,374,373,382,383],"product_tag":[],"class_list":{"0":"post-15081","1":"product","2":"type-product","3":"status-publish","4":"has-post-thumbnail","6":"design-oppervlakte-40-m2-und-groser","7":"design-opstelling-kopfstand","8":"design-optie-erhohter-boden","9":"design-optie-led-kacheln","10":"design-optie-led-wand-de","11":"design-optie-schreibtisch","12":"design-optie-speisekammer","13":"product_cat-40-m2-und-groser","14":"product_cat-entwurf","15":"product_cat-erhohter-boden","16":"product_cat-flache","17":"product_cat-kopfstand","18":"product_cat-led-kacheln","19":"product_cat-led-wand-de","20":"product_cat-messestand-typ","21":"product_cat-optionen","22":"product_cat-schreibtisch","23":"product_cat-speisekammer","24":"desktop-align-left","25":"tablet-align-left","26":"mobile-align-left","28":"first","29":"instock","30":"shipping-taxable","31":"product-type-simple"},"acf":[],"_links":{"self":[{"href":"https:\/\/beurswand2026.webdeveloperz.nl\/de\/wp-json\/wp\/v2\/product\/15081","targetHints":{"allow":["GET"]}}],"collection":[{"href":"https:\/\/beurswand2026.webdeveloperz.nl\/de\/wp-json\/wp\/v2\/product"}],"about":[{"href":"https:\/\/beurswand2026.webdeveloperz.nl\/de\/wp-json\/wp\/v2\/types\/product"}],"replies":[{"embeddable":true,"href":"https:\/\/beurswand2026.webdeveloperz.nl\/de\/wp-json\/wp\/v2\/comments?post=15081"}],"version-history":[{"count":1,"href":"https:\/\/beurswand2026.webdeveloperz.nl\/de\/wp-json\/wp\/v2\/product\/15081\/revisions"}],"predecessor-version":[{"id":15782,"href":"https:\/\/beurswand2026.webdeveloperz.nl\/de\/wp-json\/wp\/v2\/product\/15081\/revisions\/15782"}],"wp:featuredmedia":[{"embeddable":true,"href":"https:\/\/beurswand2026.webdeveloperz.nl\/de\/wp-json\/wp\/v2\/media\/13757"}],"wp:attachment":[{"href":"https:\/\/beurswand2026.webdeveloperz.nl\/de\/wp-json\/wp\/v2\/media?parent=15081"}],"wp:term":[{"taxonomy":"breedte","embeddable":true,"href":"https:\/\/beurswand2026.webdeveloperz.nl\/de\/wp-json\/wp\/v2\/breedte?post=15081"},{"taxonomy":"design-oppervlakte","embeddable":true,"href":"https:\/\/beurswand2026.webdeveloperz.nl\/de\/wp-json\/wp\/v2\/design-oppervlakte?post=15081"},{"taxonomy":"design-opstelling","embeddable":true,"href":"https:\/\/beurswand2026.webdeveloperz.nl\/de\/wp-json\/wp\/v2\/design-opstelling?post=15081"},{"taxonomy":"design-optie","embeddable":true,"href":"https:\/\/beurswand2026.webdeveloperz.nl\/de\/wp-json\/wp\/v2\/design-optie?post=15081"},{"taxonomy":"diepte","embeddable":true,"href":"https:\/\/beurswand2026.webdeveloperz.nl\/de\/wp-json\/wp\/v2\/diepte?post=15081"},{"taxonomy":"oppervlakte","embeddable":true,"href":"https:\/\/beurswand2026.webdeveloperz.nl\/de\/wp-json\/wp\/v2\/oppervlakte?post=15081"},{"taxonomy":"opstelling","embeddable":true,"href":"https:\/\/beurswand2026.webdeveloperz.nl\/de\/wp-json\/wp\/v2\/opstelling?post=15081"},{"taxonomy":"optie","embeddable":true,"href":"https:\/\/beurswand2026.webdeveloperz.nl\/de\/wp-json\/wp\/v2\/optie?post=15081"},{"taxonomy":"pijler","embeddable":true,"href":"https:\/\/beurswand2026.webdeveloperz.nl\/de\/wp-json\/wp\/v2\/pijler?post=15081"},{"taxonomy":"product_brand","embeddable":true,"href":"https:\/\/beurswand2026.webdeveloperz.nl\/de\/wp-json\/wp\/v2\/product_brand?post=15081"},{"taxonomy":"product_cat","embeddable":true,"href":"https:\/\/beurswand2026.webdeveloperz.nl\/de\/wp-json\/wp\/v2\/product_cat?post=15081"},{"taxonomy":"product_tag","embeddable":true,"href":"https:\/\/beurswand2026.webdeveloperz.nl\/de\/wp-json\/wp\/v2\/product_tag?post=15081"}],"curies":[{"name":"wp","href":"https:\/\/api.w.org\/{rel}","templated":true}]}}