{"id":15075,"date":"2023-10-15T07:39:26","date_gmt":"2023-10-15T07:39:26","guid":{"rendered":"https:\/\/beurswand.nl\/product\/beursstand-design-95\/"},"modified":"2025-03-13T09:33:10","modified_gmt":"2025-03-13T09:33:10","slug":"beursstand-design-95","status":"publish","type":"product","link":"https:\/\/beurswand2026.webdeveloperz.nl\/de\/product\/beursstand-design-95\/","title":{"rendered":"Messestand Design 95"},"content":{"rendered":"<p><strong>Einzigartiges Messestand-Design 95<\/strong><\/p>\n<p>Betreten Sie eine neue Dimension der Messepr\u00e4sentation mit unserem Island-Stand von \u00fcber 131 m\u00b2. Dieses Beispiel zeigt nur einen Bruchteil der M\u00f6glichkeiten! Ob Sie mit einer beeindruckenden LED-Wand die Aufmerksamkeit auf sich ziehen, die G\u00e4ste an einer modernen Bar verw\u00f6hnen oder mit unseren stabilen Traversenoptionen in die H\u00f6he gehen wollen \u2013 alles ist m\u00f6glich.  <\/p>\n<p>Brauchen Sie Stauraum oder Platz f\u00fcr die Zubereitung? Die eingebaute Speisekammer bietet eine L\u00f6sung. Dar\u00fcber hinaus beeindruckt der Doppelboden nicht nur, sondern bietet auch eine praktische L\u00f6sung f\u00fcr das Kabelmanagement.  <\/p>\n<p>Sind Sie neugierig auf die zahlreichen Personalisierungsm\u00f6glichkeiten oder m\u00f6chten Sie Anpassungen f\u00fcr Ihre speziellen Bed\u00fcrfnisse? Unsere Experten sind bereit, Ihnen zu helfen. Fordern Sie jetzt weitere Informationen \u00fcber das Kontaktformular an und finden Sie heraus, wie wir Ihren Messeauftritt unvergesslich machen k\u00f6nnen!  <\/p>\n","protected":false},"excerpt":{"rendered":"<p>Einzigartiges Messestand-Design 95 Betreten Sie eine neue Dimension der Messepr\u00e4sentation mit unserem Island-Stand von \u00fcber 131 m\u00b2. Dieses Beispiel zeigt nur einen Bruchteil der M\u00f6glichkeiten! Ob Sie mit einer beeindruckenden LED-Wand die Aufmerksamkeit auf sich ziehen, die G\u00e4ste an einer modernen Bar verw\u00f6hnen oder mit unseren stabilen Traversenoptionen in die H\u00f6he gehen wollen \u2013 alles [&hellip;]<\/p>\n","protected":false},"featured_media":12248,"comment_status":"closed","ping_status":"open","template":"","meta":{"_acf_changed":false,"site-sidebar-layout":"default","site-content-layout":"","ast-site-content-layout":"default","site-content-style":"default","site-sidebar-style":"default","ast-global-header-display":"","ast-banner-title-visibility":"","ast-main-header-display":"","ast-hfb-above-header-display":"","ast-hfb-below-header-display":"","ast-hfb-mobile-header-display":"","site-post-title":"","ast-breadcrumbs-content":"","ast-featured-img":"","footer-sml-layout":"","ast-disable-related-posts":"","theme-transparent-header-meta":"","adv-header-id-meta":"","stick-header-meta":"","header-above-stick-meta":"","header-main-stick-meta":"","header-below-stick-meta":"","astra-migrate-meta-layouts":"default","ast-page-background-enabled":"default","ast-page-background-meta":{"desktop":{"background-color":"","background-image":"","background-repeat":"repeat","background-position":"center center","background-size":"auto","background-attachment":"scroll","background-type":"","background-media":"","overlay-type":"","overlay-color":"","overlay-opacity":"","overlay-gradient":""},"tablet":{"background-color":"","background-image":"","background-repeat":"repeat","background-position":"center center","background-size":"auto","background-attachment":"scroll","background-type":"","background-media":"","overlay-type":"","overlay-color":"","overlay-opacity":"","overlay-gradient":""},"mobile":{"background-color":"","background-image":"","background-repeat":"repeat","background-position":"center center","background-size":"auto","background-attachment":"scroll","background-type":"","background-media":"","overlay-type":"","overlay-color":"","overlay-opacity":"","overlay-gradient":""}},"ast-content-background-meta":{"desktop":{"background-color":"var(--ast-global-color-5)","background-image":"","background-repeat":"repeat","background-position":"center center","background-size":"auto","background-attachment":"scroll","background-type":"","background-media":"","overlay-type":"","overlay-color":"","overlay-opacity":"","overlay-gradient":""},"tablet":{"background-color":"var(--ast-global-color-5)","background-image":"","background-repeat":"repeat","background-position":"center center","background-size":"auto","background-attachment":"scroll","background-type":"","background-media":"","overlay-type":"","overlay-color":"","overlay-opacity":"","overlay-gradient":""},"mobile":{"background-color":"var(--ast-global-color-5)","background-image":"","background-repeat":"repeat","background-position":"center center","background-size":"auto","background-attachment":"scroll","background-type":"","background-media":"","overlay-type":"","overlay-color":"","overlay-opacity":"","overlay-gradient":""}}},"breedte":[],"design-oppervlakte":[430],"design-opstelling":[472],"design-optie":[449,415,448,473,418,381],"diepte":[],"oppervlakte":[],"opstelling":[],"optie":[],"pijler":[],"product_brand":[],"product_cat":[431,451,371,417,450,372,474,419,374,373,383],"product_tag":[],"class_list":{"0":"post-15075","1":"product","2":"type-product","3":"status-publish","4":"has-post-thumbnail","6":"design-oppervlakte-40-m2-und-groser","7":"design-opstelling-insel-stand","8":"design-optie-bar-de","9":"design-optie-erhohter-boden","10":"design-optie-fachwerk","11":"design-optie-insel-stand","12":"design-optie-led-wand-de","13":"design-optie-speisekammer","14":"product_cat-40-m2-und-groser","15":"product_cat-bar-de","16":"product_cat-entwurf","17":"product_cat-erhohter-boden","18":"product_cat-fachwerk","19":"product_cat-flache","20":"product_cat-insel-stand","21":"product_cat-led-wand-de","22":"product_cat-messestand-typ","23":"product_cat-optionen","24":"product_cat-speisekammer","25":"desktop-align-left","26":"tablet-align-left","27":"mobile-align-left","29":"first","30":"instock","31":"shipping-taxable","32":"product-type-simple"},"acf":[],"_links":{"self":[{"href":"https:\/\/beurswand2026.webdeveloperz.nl\/de\/wp-json\/wp\/v2\/product\/15075","targetHints":{"allow":["GET"]}}],"collection":[{"href":"https:\/\/beurswand2026.webdeveloperz.nl\/de\/wp-json\/wp\/v2\/product"}],"about":[{"href":"https:\/\/beurswand2026.webdeveloperz.nl\/de\/wp-json\/wp\/v2\/types\/product"}],"replies":[{"embeddable":true,"href":"https:\/\/beurswand2026.webdeveloperz.nl\/de\/wp-json\/wp\/v2\/comments?post=15075"}],"version-history":[{"count":1,"href":"https:\/\/beurswand2026.webdeveloperz.nl\/de\/wp-json\/wp\/v2\/product\/15075\/revisions"}],"predecessor-version":[{"id":15807,"href":"https:\/\/beurswand2026.webdeveloperz.nl\/de\/wp-json\/wp\/v2\/product\/15075\/revisions\/15807"}],"wp:featuredmedia":[{"embeddable":true,"href":"https:\/\/beurswand2026.webdeveloperz.nl\/de\/wp-json\/wp\/v2\/media\/12248"}],"wp:attachment":[{"href":"https:\/\/beurswand2026.webdeveloperz.nl\/de\/wp-json\/wp\/v2\/media?parent=15075"}],"wp:term":[{"taxonomy":"breedte","embeddable":true,"href":"https:\/\/beurswand2026.webdeveloperz.nl\/de\/wp-json\/wp\/v2\/breedte?post=15075"},{"taxonomy":"design-oppervlakte","embeddable":true,"href":"https:\/\/beurswand2026.webdeveloperz.nl\/de\/wp-json\/wp\/v2\/design-oppervlakte?post=15075"},{"taxonomy":"design-opstelling","embeddable":true,"href":"https:\/\/beurswand2026.webdeveloperz.nl\/de\/wp-json\/wp\/v2\/design-opstelling?post=15075"},{"taxonomy":"design-optie","embeddable":true,"href":"https:\/\/beurswand2026.webdeveloperz.nl\/de\/wp-json\/wp\/v2\/design-optie?post=15075"},{"taxonomy":"diepte","embeddable":true,"href":"https:\/\/beurswand2026.webdeveloperz.nl\/de\/wp-json\/wp\/v2\/diepte?post=15075"},{"taxonomy":"oppervlakte","embeddable":true,"href":"https:\/\/beurswand2026.webdeveloperz.nl\/de\/wp-json\/wp\/v2\/oppervlakte?post=15075"},{"taxonomy":"opstelling","embeddable":true,"href":"https:\/\/beurswand2026.webdeveloperz.nl\/de\/wp-json\/wp\/v2\/opstelling?post=15075"},{"taxonomy":"optie","embeddable":true,"href":"https:\/\/beurswand2026.webdeveloperz.nl\/de\/wp-json\/wp\/v2\/optie?post=15075"},{"taxonomy":"pijler","embeddable":true,"href":"https:\/\/beurswand2026.webdeveloperz.nl\/de\/wp-json\/wp\/v2\/pijler?post=15075"},{"taxonomy":"product_brand","embeddable":true,"href":"https:\/\/beurswand2026.webdeveloperz.nl\/de\/wp-json\/wp\/v2\/product_brand?post=15075"},{"taxonomy":"product_cat","embeddable":true,"href":"https:\/\/beurswand2026.webdeveloperz.nl\/de\/wp-json\/wp\/v2\/product_cat?post=15075"},{"taxonomy":"product_tag","embeddable":true,"href":"https:\/\/beurswand2026.webdeveloperz.nl\/de\/wp-json\/wp\/v2\/product_tag?post=15075"}],"curies":[{"name":"wp","href":"https:\/\/api.w.org\/{rel}","templated":true}]}}